{"id":1326,"date":"2024-07-30T10:25:20","date_gmt":"2024-07-30T10:25:20","guid":{"rendered":"https:\/\/www.camping-le-vieux-moulin.fr\/datenschutzerklarung\/"},"modified":"2024-11-13T11:27:26","modified_gmt":"2024-11-13T11:27:26","slug":"datenschutzerklarung","status":"publish","type":"page","link":"https:\/\/www.camping-le-vieux-moulin.fr\/de\/datenschutzerklarung\/","title":{"rendered":"Datenschutzrichtlinie"},"content":{"rendered":"<section id=\"ls-section-block_e2c0a2768e81fcd7f2cd33fa87a02d38\" class=\"ls-section  page-one has-background has-color-4-background-color has-m-t m-t-0 has-m-b m-b-0\" >\r\n        <div class=\"container \">\r\n        \n\n<h1 class=\"ls__heading wp-block-heading\">DATENSCHUTZPOLITIK<\/h1>\n\n\n\n<p class=\"ls-paragraph\">Diese Datenschutzrichtlinie beschreibt die pers\u00f6nlichen Daten, die gesammelt oder generiert (verarbeitet) werden, wenn Sie die Website nutzen. Diese Datenschutzrichtlinie beschreibt die Arten von personenbezogenen Daten, die gesammelt werden, wenn Sie unsere Website nutzen, und wie Ihre personenbezogenen Daten verwendet, weitergegeben und gesch\u00fctzt werden. Sie erkl\u00e4rt auch, welche Wahlm\u00f6glichkeiten Sie in Bezug auf Ihre pers\u00f6nlichen Daten haben und wie Sie uns kontaktieren k\u00f6nnen.  <\/p>\n\n\n\n<h2 class=\"ls__heading wp-block-heading\">Inhaltsverzeichnis<\/h2>\n\n\n\n<ul class=\"ls-list ls-list-undefined wp-block-list\">\n<li><a href=\"https:\/\/www.camping-le-vieux-moulin.fr\/de\/datenschutzerklarung\/#gdpr-1\">Wer sind wir?<\/a><\/li>\n\n\n\n<li><a href=\"https:\/\/www.camping-le-vieux-moulin.fr\/de\/datenschutzerklarung\/#gdpr-2\">Verwendung der gesammelten pers\u00f6nlichen Daten<\/a><\/li>\n\n\n\n<li><a href=\"https:\/\/www.camping-le-vieux-moulin.fr\/de\/datenschutzerklarung\/#gdpr-3\">Kommentare<\/a><\/li>\n\n\n\n<li><a href=\"https:\/\/www.camping-le-vieux-moulin.fr\/de\/datenschutzerklarung\/#gdpr-4\">Medien<\/a><\/li>\n\n\n\n<li><a href=\"https:\/\/www.camping-le-vieux-moulin.fr\/de\/datenschutzerklarung\/#gdpr-5\">Kontaktformulare<\/a><\/li>\n\n\n\n<li><a href=\"https:\/\/www.camping-le-vieux-moulin.fr\/de\/datenschutzerklarung\/#gdpr-6\">Verwendung von Cookies<\/a><\/li>\n\n\n\n<li><a href=\"https:\/\/www.camping-le-vieux-moulin.fr\/de\/datenschutzerklarung\/#gdpr-7\">Statistiken und Messung des Publikums<\/a><\/li>\n\n\n\n<li><a href=\"https:\/\/www.camping-le-vieux-moulin.fr\/de\/datenschutzerklarung\/#gdpr-8\">Dauer der Speicherung Ihrer Daten<\/a><\/li>\n\n\n\n<li><a href=\"https:\/\/www.camping-le-vieux-moulin.fr\/de\/datenschutzerklarung\/#gdpr-9\">Die Rechte, die Sie \u00fcber Ihre Daten haben<\/a><\/li>\n\n\n\n<li><a href=\"https:\/\/www.camping-le-vieux-moulin.fr\/de\/datenschutzerklarung\/#gdpr-10\">\u00dcbermittlung Ihrer pers\u00f6nlichen Daten<\/a><\/li>\n\n\n\n<li><a href=\"https:\/\/www.camping-le-vieux-moulin.fr\/de\/datenschutzerklarung\/#gdpr-11\">Wie wir Ihre Daten sch\u00fctzen<\/a><\/li>\n\n\n\n<li><a href=\"https:\/\/www.camping-le-vieux-moulin.fr\/de\/datenschutzerklarung\/#gdpr-12\">Kontaktinformationen<\/a><\/li>\n<\/ul>\n\n\n\n<h2 class=\"ls__heading wp-block-heading\" id=\"gdpr-1\">Wer sind wir?<\/h2>\n\n\n\n<p class=\"ls-paragraph\">Entdecken Sie alle unsere Informationen auf der Seite <a href=\"https:\/\/www.camping-le-vieux-moulin.fr\/de\/legalitatsvermerke\/\">Rechtliche Hinweise<\/a>.<\/p>\n\n\n\n<h2 class=\"ls__heading wp-block-heading\" id=\"gdpr-2\">Verwendung der gesammelten pers\u00f6nlichen Daten<\/h2>\n\n\n\n<p class=\"ls-paragraph\">Wir sammeln automatisch und direkt keine Daten \u00fcber Sie.<\/p>\n\n\n\n<p class=\"ls-paragraph\">Dessen ungeachtet k\u00f6nnen wir Informationen, einschlie\u00dflich pers\u00f6nlicher Informationen, von Dritten sammeln (siehe Abschnitt <a href=\"https:\/\/www.camping-le-vieux-moulin.fr\/de\/datenschutzerklarung\/#gdpr-5\">Cookies<\/a>).<\/p>\n\n\n\n<h2 class=\"ls__heading wp-block-heading\" id=\"gdpr-3\">Kommentare<\/h2>\n\n\n\n<p class=\"ls-paragraph\">Wenn Sie einen Kommentar auf unserer Website hinterlassen, werden die Daten, die Sie in das Kommentarformular eingegeben haben, sowie Ihre IP-Adresse und der User Agent Ihres Browsers gesammelt, um uns bei der Erkennung unerw\u00fcnschter Kommentare zu helfen.<\/p>\n\n\n\n<p class=\"ls-paragraph\">Eine anonymisierte Zeichenfolge, die aus Ihrer E-Mail-Adresse erstellt wird (auch Hash genannt), kann an den Gravatar-Service gesendet werden, um zu \u00fcberpr\u00fcfen, ob Sie diesen Service nutzen. Die Datenschutzbestimmungen des Gravatar-Dienstes finden Sie unter https:\/\/automattic.com\/privacy\/. Nachdem Sie Ihren Kommentar freigegeben haben, wird Ihr Profilbild neben Ihrem Kommentar \u00f6ffentlich sichtbar sein. <\/p>\n\n\n\n<h2 class=\"ls__heading wp-block-heading\" id=\"gdpr-4\">Medien<\/h2>\n\n\n\n<p class=\"ls-paragraph\">Wenn Sie ein registrierter Nutzer sind und Bilder auf die Website hochladen, empfehlen wir Ihnen, das Hochladen von Bildern zu vermeiden, die EXIF-Daten von GPS-Koordinaten enthalten. Die Besucher Ihrer Website k\u00f6nnen Standortdaten aus diesen Bildern herunterladen und extrahieren. <\/p>\n\n\n\n<h2 class=\"ls__heading wp-block-heading\" id=\"gdpr-5\">Kontaktformulare<\/h2>\n\n\n\n<p class=\"ls-paragraph\">Sie k\u00f6nnen uns beim Ausf\u00fcllen eines Formulars Informationen zur Verf\u00fcgung stellen. Diese Informationen werden per E-Mail an uns \u00fcbermittelt und nur in unserem E-Mail-Service gespeichert, und sie werden ausschlie\u00dflich zur Beantwortung Ihrer Anfrage verwendet. Wenn die Informationen f\u00fcr kommerzielle Zwecke verwendet werden, wird dies am Ende des Formulars angegeben. Wir werden immer Ihre Zustimmung einholen, wenn wir Informationen \u00fcber ein Formular sammeln.  <\/p>\n\n\n\n<h2 class=\"ls__heading wp-block-heading\" id=\"gdpr-6\">Verwendung von Cookies<\/h2>\n\n\n\n<p class=\"ls-paragraph\"><strong>Was ist ein Cookie?<\/strong><br\/>Ein Cookie ist eine kleine Datendatei, die auf Ihr Ger\u00e4t \u00fcbertragen und dort gespeichert wird. Ein Cookie erm\u00f6glicht es uns zum Beispiel, Ihren Browser und Ihre Sprache zu erkennen oder Ihre Pr\u00e4ferenzen zu speichern.<br\/>Auf unserer Website werden zwei Arten von Cookies verwendet: &#8222;Sitzungscookies&#8220; und &#8222;dauerhafte Cookies&#8220;. Sitzungscookies verfallen, wenn Sie Ihren Browser schlie\u00dfen, w\u00e4hrend dauerhafte Cookies auf Ihrem Ger\u00e4t verbleiben, nachdem Sie Ihren Browser geschlossen haben, und bei Ihrem n\u00e4chsten Besuch auf unserer Website wieder verwendet werden k\u00f6nnen.  <\/p>\n\n\n\n<p class=\"ls-paragraph\">Weitere Informationen finden Sie unter <a href=\"https:\/\/allaboutcookies.org\/fr\" target=\"_blank\" rel=\"noreferrer noopener\">allaboutcookies.org<\/a>.<\/p>\n\n\n\n<p class=\"ls-paragraph\"><strong>Unsere Cookies<\/strong><\/p>\n\n\n\n<p class=\"ls-paragraph\">Wenn Sie einen Kommentar auf unserer Website abgeben, werden Sie aufgefordert, Ihren Namen, Ihre E-Mail-Adresse und Ihre Website in Cookies zu speichern. Dies geschieht nur zu Ihrer Bequemlichkeit, damit Sie diese Informationen nicht eingeben m\u00fcssen, wenn Sie sp\u00e4ter einen weiteren Kommentar abgeben. Diese Cookies laufen nach einem Jahr ab.  <\/p>\n\n\n\n<p class=\"ls-paragraph\">Wenn Sie ein Konto haben und sich auf dieser Website anmelden, wird ein tempor\u00e4res Cookie erstellt, um festzustellen, ob Ihr Browser Cookies akzeptiert. Es enth\u00e4lt keine pers\u00f6nlichen Daten und wird automatisch gel\u00f6scht, wenn Sie Ihren Browser schlie\u00dfen. <\/p>\n\n\n\n<p class=\"ls-paragraph\">Wenn Sie sich einloggen, werden wir eine Reihe von Cookies setzen, um Ihre Anmeldeinformationen und Bildschirmeinstellungen zu speichern. Die Lebensdauer eines Login-Cookies betr\u00e4gt zwei Tage, die eines Cookies f\u00fcr die Bildschirmeinstellungen ein Jahr. Wenn Sie &#8222;An mich erinnern&#8220; ankreuzen, wird Ihr Anmelde-Cookie zwei Wochen lang gespeichert. Wenn Sie sich von Ihrem Konto abmelden, wird das Login-Cookie gel\u00f6scht.   <\/p>\n\n\n\n<p class=\"ls-paragraph\">Wenn Sie einen Artikel bearbeiten oder ver\u00f6ffentlichen, wird ein zus\u00e4tzliches Cookie in Ihrem Browser gespeichert. Dieses Cookie enth\u00e4lt keine pers\u00f6nlichen Daten. Es enth\u00e4lt lediglich die Kennung des Artikels, den Sie gerade bearbeitet haben. Das Cookie l\u00e4uft nach einem Tag ab.   <\/p>\n\n\n\n<p class=\"ls-paragraph\"><strong>Cookies von Dritten<\/strong><\/p>\n\n\n\n<p class=\"ls-paragraph\">Die Artikel auf dieser Website k\u00f6nnen eingebettete Inhalte enthalten (z.B. Videos, Bilder, Artikel&#8230;). Eingebettete Inhalte von anderen Websites verhalten sich so, als ob der Besucher diese andere Website besuchen w\u00fcrde. <\/p>\n\n\n\n<p class=\"ls-paragraph\">Diese Webseiten k\u00f6nnen Daten \u00fcber Sie sammeln, Cookies verwenden, Tracking-Tools von Dritten einbetten und Ihre Interaktionen mit diesen eingebetteten Inhalten verfolgen, wenn Sie ein angemeldetes Konto auf ihrer Webseite haben.<\/p>\n\n\n\n<p class=\"ls-paragraph\">Wir k\u00f6nnen bestimmten Gesch\u00e4ftspartnern gestatten, Technologien auf unserer Website zu installieren. Diese Partner setzen diese Technologien ein, um uns bei der Analyse Ihrer Nutzung der Website zu helfen, z.B. durch die Erfassung der Dienste Dritter, \u00fcber die Sie auf die Plattform gelangt sind, um unsere Dienste auf unserer Website und auf den Websites Dritter zu vermarkten und zu bewerben, um uns bei der Aufdeckung und Verhinderung von Betrug oder der Durchf\u00fchrung von Risikobewertungen zu helfen oder um Informationen \u00fcber Ihre Aktivit\u00e4ten auf der Website zu sammeln. <\/p>\n\n\n\n<p class=\"ls-paragraph\">Unsere Website kann Social Plugins verwenden, die von Drittunternehmen bereitgestellt und betrieben werden, wie z.B. die &#8222;Gef\u00e4llt mir&#8220;-Schaltfl\u00e4che von Facebook. Infolgedessen k\u00f6nnen Sie Informationen, die Sie in einem bestimmten Abschnitt unserer Website sehen, an den Dritten senden. Wenn Sie nicht in Ihr Konto bei dem Dritten eingeloggt sind, kann der Dritte Ihre Identit\u00e4t nicht erkennen. Wenn Sie in Ihr Konto bei der Drittpartei eingeloggt sind, kann die Drittpartei die Informationen oder Aktionen, die sich auf Ihre Interaktionen mit unserer Website beziehen, mit Ihrem Konto bei der betreffenden Drittpartei verkn\u00fcpfen. Bitte lesen Sie die Datenschutzrichtlinien der Drittpartei, um mehr \u00fcber deren Datenpraktiken zu erfahren.    <\/p>\n\n\n\n<p class=\"ls-paragraph\">Die Liste der Cookies von Drittanbietern, die auf dieser Website verwendet werden, ist \u00fcber das <a href=\"https:\/\/www.camping-le-vieux-moulin.fr\/de\/datenschutzerklarung\/#moove_gdpr_cookie_modal\">Cookie-Management-Panel<\/a> verf\u00fcgbar.<\/p>\n\n\n\n<h2 class=\"ls__heading wp-block-heading\" id=\"gdpr-7\">Statistiken und Messung des Publikums<\/h2>\n\n\n\n<p class=\"ls-paragraph\">Im Bereich der Analyse arbeiten wir mit Google Analytics, um Informationen \u00fcber die Nutzung unserer Website zu erhalten und diese zu verbessern. Diese Funktion kann \u00fcber das <a href=\"https:\/\/www.camping-le-vieux-moulin.fr\/de\/datenschutzerklarung\/#moove_gdpr_cookie_modal\">Cookie-Panel<\/a> deaktiviert werden. <\/p>\n\n\n\n<p class=\"ls-paragraph\">Um zu verhindern, dass Google Analytics Ihre Daten zu Analysezwecken verwendet, k\u00f6nnen Sie auch das Browser-Add-on zur Deaktivierung von Google Analytics installieren, indem Sie <a href=\"https:\/\/tools.google.com\/dlpage\/gaoptout\" rel=\"noreferrer noopener\" target=\"_blank\">hier<\/a> klicken. Bitte beachten Sie, dass wir keine Kontrolle \u00fcber diesen Deaktivierungslink haben und wir nicht f\u00fcr die Verf\u00fcgbarkeit oder Genauigkeit dieses Mechanismus verantwortlich sind. Weitere Informationen finden Sie <a href=\"https:\/\/support.google.com\/analytics\/answer\/6004245\" rel=\"noreferrer noopener\" target=\"_blank\">in dieser Dokumentation<\/a>.  <\/p>\n\n\n\n<h2 class=\"ls__heading wp-block-heading\" id=\"gdpr-8\">Dauer der Speicherung Ihrer Daten<\/h2>\n\n\n\n<p class=\"ls-paragraph\">Wenn Sie einen Kommentar hinterlassen, werden der Kommentar und seine Metadaten auf unbestimmte Zeit gespeichert. Dies erm\u00f6glicht es, nachfolgende Kommentare automatisch zu erkennen und freizugeben, anstatt sie in der Moderationswarteschlange zu belassen. <\/p>\n\n\n\n<p class=\"ls-paragraph\">F\u00fcr Nutzer, die sich auf unserer Website registrieren (sofern dies m\u00f6glich ist), speichern wir auch die pers\u00f6nlichen Daten, die in ihrem Profil angegeben sind. Alle Nutzer k\u00f6nnen ihre pers\u00f6nlichen Daten jederzeit einsehen, \u00e4ndern oder l\u00f6schen (mit Ausnahme ihres Benutzernamens). Auch die Betreiber der Website k\u00f6nnen diese Informationen einsehen und \u00e4ndern.  <\/p>\n\n\n\n<h2 class=\"ls__heading wp-block-heading\" id=\"gdpr-9\">Die Rechte, die Sie \u00fcber Ihre Daten haben<\/h2>\n\n\n\n<p class=\"ls-paragraph\">Wenn Sie ein Konto haben oder Kommentare auf der Website hinterlassen haben, k\u00f6nnen Sie eine Datei anfordern, die alle pers\u00f6nlichen Daten enth\u00e4lt, die wir \u00fcber Sie gespeichert haben, einschlie\u00dflich der Daten, die Sie uns zur Verf\u00fcgung gestellt haben. Sie k\u00f6nnen auch die L\u00f6schung Ihrer pers\u00f6nlichen Daten beantragen. Dies gilt nicht f\u00fcr Daten, die f\u00fcr administrative oder rechtliche Zwecke oder aus Sicherheitsgr\u00fcnden gespeichert werden.  <\/p>\n\n\n\n<h2 class=\"ls__heading wp-block-heading\" id=\"gdpr-10\">\u00dcbermittlung Ihrer pers\u00f6nlichen Daten<\/h2>\n\n\n\n<p class=\"ls-paragraph\">Die Kommentare der Besucher k\u00f6nnen mit Hilfe eines automatisierten Dienstes zur Erkennung unerw\u00fcnschter Kommentare \u00fcberpr\u00fcft werden<br\/>Alle pers\u00f6nlichen Daten, die wir verarbeiten, werden innerhalb der Europ\u00e4ischen Union verarbeitet.<\/p>\n\n\n\n<h2 class=\"ls__heading wp-block-heading\" id=\"gdpr-11\">Wie wir Ihre Daten sch\u00fctzen<\/h2>\n\n\n\n<p class=\"ls-paragraph\">Wir implementieren und aktualisieren st\u00e4ndig die <strong>Sicherheit<\/strong> der Website, um Ihre Daten vor unberechtigtem Zugriff, Verlust, Zerst\u00f6rung oder \u00c4nderung zu sch\u00fctzen. Wir arbeiten daran, Ihre Daten so unangreifbar wie m\u00f6glich zu machen. Da das Internet keine 100%ig sichere Umgebung ist, k\u00f6nnen wir die Sicherheit der \u00dcbertragung oder Speicherung Ihrer Daten nicht vollst\u00e4ndig garantieren.  <\/p>\n\n\n\n<h2 class=\"ls__heading wp-block-heading\" id=\"gdpr-12\">Kontaktinformationen<\/h2>\n\n\n\n<p class=\"ls-paragraph\">Wenn Sie eine Anfrage oder Frage zu Ihren pers\u00f6nlichen Daten haben, kontaktieren Sie uns bitte unter rgpd@geek-tonic.com, weitere Kontaktinformationen finden Sie in unserem <a href=\"https:\/\/www.camping-le-vieux-moulin.fr\/de\/legalitatsvermerke\/\">Impressum<\/a>. Bitte beachten Sie, dass wir Sie m\u00f6glicherweise bitten, Ihre Identit\u00e4t zu \u00fcberpr\u00fcfen, bevor wir weitere Schritte in Bezug auf Ihre Anfrage unternehmen. <\/p>\n\n\r\n    <\/div>\r\n<\/section>","protected":false},"excerpt":{"rendered":"","protected":false},"author":1,"featured_media":754,"parent":0,"menu_order":0,"comment_status":"closed","ping_status":"open","template":"","meta":{"_acf_changed":false,"footnotes":""},"sujet":[],"class_list":["post-1326","page","type-page","status-publish","has-post-thumbnail","hentry"],"acf":[],"yoast_head":"<!-- This site is optimized with the Yoast SEO plugin v23.9 - https:\/\/yoast.com\/wordpress\/plugins\/seo\/ -->\n<title>Datenschutzrichtlinie - Camping Le Vieux Moulin<\/title>\n<meta name=\"robots\" content=\"noindex, nofollow\" \/>\n<meta property=\"og:locale\" content=\"de_DE\" \/>\n<meta property=\"og:type\" content=\"article\" \/>\n<meta property=\"og:title\" content=\"Datenschutzrichtlinie - Camping Le Vieux Moulin\" \/>\n<meta property=\"og:url\" content=\"https:\/\/www.camping-le-vieux-moulin.fr\/de\/datenschutzerklarung\/\" \/>\n<meta property=\"og:site_name\" content=\"Camping Le Vieux Moulin\" \/>\n<meta property=\"article:modified_time\" content=\"2024-11-13T11:27:26+00:00\" \/>\n<meta property=\"og:image\" content=\"https:\/\/www.camping-le-vieux-moulin.fr\/wp-content\/uploads\/sites\/24\/2024\/09\/mentions-legales-camping-erquy.webp\" \/>\n\t<meta property=\"og:image:width\" content=\"1200\" \/>\n\t<meta property=\"og:image:height\" content=\"800\" \/>\n\t<meta property=\"og:image:type\" content=\"image\/webp\" \/>\n<meta name=\"twitter:card\" content=\"summary_large_image\" \/>\n<meta name=\"twitter:label1\" content=\"Gesch\u00e4tzte Lesezeit\" \/>\n\t<meta name=\"twitter:data1\" content=\"7\u00a0Minuten\" \/>\n<script type=\"application\/ld+json\" class=\"yoast-schema-graph\">{\"@context\":\"https:\/\/schema.org\",\"@graph\":[{\"@type\":\"WebPage\",\"@id\":\"https:\/\/www.camping-le-vieux-moulin.fr\/de\/datenschutzerklarung\/\",\"url\":\"https:\/\/www.camping-le-vieux-moulin.fr\/de\/datenschutzerklarung\/\",\"name\":\"Datenschutzrichtlinie - Camping Le Vieux Moulin\",\"isPartOf\":{\"@id\":\"https:\/\/www.camping-le-vieux-moulin.fr\/de\/#website\"},\"primaryImageOfPage\":{\"@id\":\"https:\/\/www.camping-le-vieux-moulin.fr\/de\/datenschutzerklarung\/#primaryimage\"},\"image\":{\"@id\":\"https:\/\/www.camping-le-vieux-moulin.fr\/de\/datenschutzerklarung\/#primaryimage\"},\"thumbnailUrl\":\"https:\/\/www.camping-le-vieux-moulin.fr\/wp-content\/uploads\/sites\/24\/2024\/09\/mentions-legales-camping-erquy.webp\",\"datePublished\":\"2024-07-30T10:25:20+00:00\",\"dateModified\":\"2024-11-13T11:27:26+00:00\",\"breadcrumb\":{\"@id\":\"https:\/\/www.camping-le-vieux-moulin.fr\/de\/datenschutzerklarung\/#breadcrumb\"},\"inLanguage\":\"de\",\"potentialAction\":[{\"@type\":\"ReadAction\",\"target\":[\"https:\/\/www.camping-le-vieux-moulin.fr\/de\/datenschutzerklarung\/\"]}]},{\"@type\":\"ImageObject\",\"inLanguage\":\"de\",\"@id\":\"https:\/\/www.camping-le-vieux-moulin.fr\/de\/datenschutzerklarung\/#primaryimage\",\"url\":\"https:\/\/www.camping-le-vieux-moulin.fr\/wp-content\/uploads\/sites\/24\/2024\/09\/mentions-legales-camping-erquy.webp\",\"contentUrl\":\"https:\/\/www.camping-le-vieux-moulin.fr\/wp-content\/uploads\/sites\/24\/2024\/09\/mentions-legales-camping-erquy.webp\",\"width\":1200,\"height\":800,\"caption\":\"Rechtliche Hinweise Campingplatz Erquy\"},{\"@type\":\"BreadcrumbList\",\"@id\":\"https:\/\/www.camping-le-vieux-moulin.fr\/de\/datenschutzerklarung\/#breadcrumb\",\"itemListElement\":[{\"@type\":\"ListItem\",\"position\":1,\"name\":\"Camping C\u00f4tes-d'Armor\",\"item\":\"https:\/\/www.camping-le-vieux-moulin.fr\/de\/\"},{\"@type\":\"ListItem\",\"position\":2,\"name\":\"Datenschutzrichtlinie\"}]},{\"@type\":\"WebSite\",\"@id\":\"https:\/\/www.camping-le-vieux-moulin.fr\/de\/#website\",\"url\":\"https:\/\/www.camping-le-vieux-moulin.fr\/de\/\",\"name\":\"Camping Le Vieux Moulin\",\"description\":\"\",\"publisher\":{\"@id\":\"https:\/\/www.camping-le-vieux-moulin.fr\/de\/#organization\"},\"potentialAction\":[{\"@type\":\"SearchAction\",\"target\":{\"@type\":\"EntryPoint\",\"urlTemplate\":\"https:\/\/www.camping-le-vieux-moulin.fr\/de\/?s={search_term_string}\"},\"query-input\":{\"@type\":\"PropertyValueSpecification\",\"valueRequired\":true,\"valueName\":\"search_term_string\"}}],\"inLanguage\":\"de\"},{\"@type\":\"Organization\",\"@id\":\"https:\/\/www.camping-le-vieux-moulin.fr\/de\/#organization\",\"name\":\"Camping Le Vieux Moulin\",\"url\":\"https:\/\/www.camping-le-vieux-moulin.fr\/de\/\",\"logo\":{\"@type\":\"ImageObject\",\"inLanguage\":\"de\",\"@id\":\"https:\/\/www.camping-le-vieux-moulin.fr\/de\/#\/schema\/logo\/image\/\",\"url\":\"https:\/\/www.camping-le-vieux-moulin.fr\/wp-content\/uploads\/sites\/24\/2024\/07\/cropped-logo-Flower-camping-Le-Vieux-Moulin.png\",\"contentUrl\":\"https:\/\/www.camping-le-vieux-moulin.fr\/wp-content\/uploads\/sites\/24\/2024\/07\/cropped-logo-Flower-camping-Le-Vieux-Moulin.png\",\"width\":500,\"height\":660,\"caption\":\"Camping Le Vieux Moulin\"},\"image\":{\"@id\":\"https:\/\/www.camping-le-vieux-moulin.fr\/de\/#\/schema\/logo\/image\/\"}}]}<\/script>\n<!-- \/ Yoast SEO plugin. -->","yoast_head_json":{"title":"Datenschutzrichtlinie - Camping Le Vieux Moulin","robots":{"index":"noindex","follow":"nofollow"},"og_locale":"de_DE","og_type":"article","og_title":"Datenschutzrichtlinie - Camping Le Vieux Moulin","og_url":"https:\/\/www.camping-le-vieux-moulin.fr\/de\/datenschutzerklarung\/","og_site_name":"Camping Le Vieux Moulin","article_modified_time":"2024-11-13T11:27:26+00:00","og_image":[{"width":1200,"height":800,"url":"https:\/\/www.camping-le-vieux-moulin.fr\/wp-content\/uploads\/sites\/24\/2024\/09\/mentions-legales-camping-erquy.webp","type":"image\/webp"}],"twitter_card":"summary_large_image","twitter_misc":{"Gesch\u00e4tzte Lesezeit":"7\u00a0Minuten"},"schema":{"@context":"https:\/\/schema.org","@graph":[{"@type":"WebPage","@id":"https:\/\/www.camping-le-vieux-moulin.fr\/de\/datenschutzerklarung\/","url":"https:\/\/www.camping-le-vieux-moulin.fr\/de\/datenschutzerklarung\/","name":"Datenschutzrichtlinie - Camping Le Vieux Moulin","isPartOf":{"@id":"https:\/\/www.camping-le-vieux-moulin.fr\/de\/#website"},"primaryImageOfPage":{"@id":"https:\/\/www.camping-le-vieux-moulin.fr\/de\/datenschutzerklarung\/#primaryimage"},"image":{"@id":"https:\/\/www.camping-le-vieux-moulin.fr\/de\/datenschutzerklarung\/#primaryimage"},"thumbnailUrl":"https:\/\/www.camping-le-vieux-moulin.fr\/wp-content\/uploads\/sites\/24\/2024\/09\/mentions-legales-camping-erquy.webp","datePublished":"2024-07-30T10:25:20+00:00","dateModified":"2024-11-13T11:27:26+00:00","breadcrumb":{"@id":"https:\/\/www.camping-le-vieux-moulin.fr\/de\/datenschutzerklarung\/#breadcrumb"},"inLanguage":"de","potentialAction":[{"@type":"ReadAction","target":["https:\/\/www.camping-le-vieux-moulin.fr\/de\/datenschutzerklarung\/"]}]},{"@type":"ImageObject","inLanguage":"de","@id":"https:\/\/www.camping-le-vieux-moulin.fr\/de\/datenschutzerklarung\/#primaryimage","url":"https:\/\/www.camping-le-vieux-moulin.fr\/wp-content\/uploads\/sites\/24\/2024\/09\/mentions-legales-camping-erquy.webp","contentUrl":"https:\/\/www.camping-le-vieux-moulin.fr\/wp-content\/uploads\/sites\/24\/2024\/09\/mentions-legales-camping-erquy.webp","width":1200,"height":800,"caption":"Rechtliche Hinweise Campingplatz Erquy"},{"@type":"BreadcrumbList","@id":"https:\/\/www.camping-le-vieux-moulin.fr\/de\/datenschutzerklarung\/#breadcrumb","itemListElement":[{"@type":"ListItem","position":1,"name":"Camping C\u00f4tes-d'Armor","item":"https:\/\/www.camping-le-vieux-moulin.fr\/de\/"},{"@type":"ListItem","position":2,"name":"Datenschutzrichtlinie"}]},{"@type":"WebSite","@id":"https:\/\/www.camping-le-vieux-moulin.fr\/de\/#website","url":"https:\/\/www.camping-le-vieux-moulin.fr\/de\/","name":"Camping Le Vieux Moulin","description":"","publisher":{"@id":"https:\/\/www.camping-le-vieux-moulin.fr\/de\/#organization"},"potentialAction":[{"@type":"SearchAction","target":{"@type":"EntryPoint","urlTemplate":"https:\/\/www.camping-le-vieux-moulin.fr\/de\/?s={search_term_string}"},"query-input":{"@type":"PropertyValueSpecification","valueRequired":true,"valueName":"search_term_string"}}],"inLanguage":"de"},{"@type":"Organization","@id":"https:\/\/www.camping-le-vieux-moulin.fr\/de\/#organization","name":"Camping Le Vieux Moulin","url":"https:\/\/www.camping-le-vieux-moulin.fr\/de\/","logo":{"@type":"ImageObject","inLanguage":"de","@id":"https:\/\/www.camping-le-vieux-moulin.fr\/de\/#\/schema\/logo\/image\/","url":"https:\/\/www.camping-le-vieux-moulin.fr\/wp-content\/uploads\/sites\/24\/2024\/07\/cropped-logo-Flower-camping-Le-Vieux-Moulin.png","contentUrl":"https:\/\/www.camping-le-vieux-moulin.fr\/wp-content\/uploads\/sites\/24\/2024\/07\/cropped-logo-Flower-camping-Le-Vieux-Moulin.png","width":500,"height":660,"caption":"Camping Le Vieux Moulin"},"image":{"@id":"https:\/\/www.camping-le-vieux-moulin.fr\/de\/#\/schema\/logo\/image\/"}}]}},"_links":{"self":[{"href":"https:\/\/www.camping-le-vieux-moulin.fr\/de\/wp-json\/wp\/v2\/pages\/1326","targetHints":{"allow":["GET"]}}],"collection":[{"href":"https:\/\/www.camping-le-vieux-moulin.fr\/de\/wp-json\/wp\/v2\/pages"}],"about":[{"href":"https:\/\/www.camping-le-vieux-moulin.fr\/de\/wp-json\/wp\/v2\/types\/page"}],"author":[{"embeddable":true,"href":"https:\/\/www.camping-le-vieux-moulin.fr\/de\/wp-json\/wp\/v2\/users\/1"}],"replies":[{"embeddable":true,"href":"https:\/\/www.camping-le-vieux-moulin.fr\/de\/wp-json\/wp\/v2\/comments?post=1326"}],"version-history":[{"count":2,"href":"https:\/\/www.camping-le-vieux-moulin.fr\/de\/wp-json\/wp\/v2\/pages\/1326\/revisions"}],"predecessor-version":[{"id":1504,"href":"https:\/\/www.camping-le-vieux-moulin.fr\/de\/wp-json\/wp\/v2\/pages\/1326\/revisions\/1504"}],"wp:featuredmedia":[{"embeddable":true,"href":"https:\/\/www.camping-le-vieux-moulin.fr\/de\/wp-json\/wp\/v2\/media\/754"}],"wp:attachment":[{"href":"https:\/\/www.camping-le-vieux-moulin.fr\/de\/wp-json\/wp\/v2\/media?parent=1326"}],"wp:term":[{"taxonomy":"sujet","embeddable":true,"href":"https:\/\/www.camping-le-vieux-moulin.fr\/de\/wp-json\/wp\/v2\/sujet?post=1326"}],"curies":[{"name":"wp","href":"https:\/\/api.w.org\/{rel}","templated":true}]}}